{"id":19668,"date":"2021-05-21T21:21:11","date_gmt":"2021-05-21T21:21:11","guid":{"rendered":"https:\/\/tissini.com\/blog\/?page_id=19668"},"modified":"2023-05-11T22:26:37","modified_gmt":"2023-05-11T22:26:37","slug":"emprender","status":"publish","type":"page","link":"https:\/\/tissini.com\/blog\/emprender\/","title":{"rendered":"Emprender con TISSINI"},"content":{"rendered":"<p>[vc_section][vc_row][vc_column width=\u00bb7\/12&#8243;][vc_column_text]<\/p>\n<h2 style=\"text-align: center; color: rgba(245,40,145,0.8);\"><strong>\u00bfC\u00f3mo ganar tu propio dinero con TISSINI?<\/strong><\/h2>\n<p>1. <strong>Reg\u00edstrate<\/strong> para ayudarte a construir este nuevo camino hacia tus sue\u00f1os.<br \/>\n2. <strong>Elige tus productos favoritos<\/strong> de nuestra colecci\u00f3n de joyas o ropa al por mayor.<br \/>\n3. <strong>Recibe tu primer pedido<\/strong> con tu tienda online y tus cat\u00e1logos.<\/p>\n<p style=\"text-align: center;\"><strong>\u00a1As\u00ed ya empezar\u00e1s a vender y a ganar dinero para ti!<\/strong><\/p>\n<p>[\/vc_column_text][vc_column_text]<\/p>\n<h3 style=\"color: rgba(245, 40, 145, 0.8); text-align: left;\">\u00a1Dec\u00eddete hoy!<\/h3>\n<p class=\"elementor-heading-title elementor-size-default\">Esta es tu oportunidad para empezar a generar nuevos ingresos con tu propio negocio. Queremos conocerte y brindarte asesor\u00eda personalizada gratuita.<\/p>\n<p>[\/vc_column_text][vc_single_image image=\u00bb20325&#8243; img_size=\u00bblarge\u00bb alignment=\u00bbcenter\u00bb][\/vc_column][vc_column width=\u00bb5\/12&#8243;][vc_raw_html]JTNDJTIxLS0lNUJpZiUyMGx0ZSUyMElFJTIwOCU1RCUzRSUwQSUzQ3NjcmlwdCUyMGNoYXJzZXQlM0QlMjJ1dGYtOCUyMiUyMHR5cGUlM0QlMjJ0ZXh0JTJGamF2YXNjcmlwdCUyMiUyMHNyYyUzRCUyMiUyRiUyRmpzLmhzZm9ybXMubmV0JTJGZm9ybXMlMkZ2Mi1sZWdhY3kuanMlMjIlM0UlM0MlMkZzY3JpcHQlM0UlMEElM0MlMjElNUJlbmRpZiU1RC0tJTNFJTBBJTNDc2NyaXB0JTIwY2hhcnNldCUzRCUyMnV0Zi04JTIyJTIwdHlwZSUzRCUyMnRleHQlMkZqYXZhc2NyaXB0JTIyJTIwc3JjJTNEJTIyJTJGJTJGanMuaHNmb3Jtcy5uZXQlMkZmb3JtcyUyRnYyLmpzJTIyJTNFJTNDJTJGc2NyaXB0JTNFJTBBJTNDc2NyaXB0JTNFJTBBJTIwJTIwaGJzcHQuZm9ybXMuY3JlYXRlJTI4JTdCJTBBJTA5cG9ydGFsSWQlM0ElMjAlMjI0MTg4MDAyJTIyJTJDJTBBJTA5Zm9ybUlkJTNBJTIwJTIyMTMyMmNkOGYtM2UzMC00ZjFjLTk2NDAtZjM0Y2FiY2ZhZDFiJTIyJTBBJTdEJTI5JTNCJTBBJTNDJTJGc2NyaXB0JTNF[\/vc_raw_html][\/vc_column][vc_column][vc_column_text]<\/p>\n<h2 style=\"text-align: center;\">Convi\u00e9rtete en Emprendedora TISSINI<\/h2>\n<p style=\"text-align: center;\">M\u00e1s de 55.000 Emprendedoras ya est\u00e1n cumpliendo sus metas.<br \/>\nS\u00e9 parte de una comunidad de mujeres en EE.UU. que se apoyan entre s\u00ed para salir adelante.<\/p>\n<p>[\/vc_column_text][vc_video link=\u00bbhttps:\/\/www.youtube.com\/watch?v=2eFTwpkcq7s\u00bb el_width=\u00bb70&#8243; align=\u00bbcenter\u00bb][\/vc_column][\/vc_row][\/vc_section][vc_section css=\u00bb.vc_custom_1621631780884{background-color: #f8f8f8 !important;}\u00bb][vc_row][vc_column][vc_custom_heading text=\u00bb3 RAZONES PARA EMPRENDER CON TISSINI\u00bb use_theme_fonts=\u00bbyes\u00bb][vc_row_inner][vc_column_inner][vc_separator color=\u00bbcustom\u00bb accent_color=\u00bb#cb4790&#8243;][\/vc_column_inner][\/vc_row_inner][vc_row_inner][vc_column_inner width=\u00bb1\/3&#8243;][vc_column_text]<\/p>\n<div class=\"elementor-element elementor-element-8e1c964 elementor-widget elementor-widget-heading\" data-id=\"8e1c964\" data-element_type=\"widget\" data-widget_type=\"heading.default\">\n<div class=\"elementor-widget-container\">\n<h3 class=\"elementor-heading-title elementor-size-default\">GANANCIA\u00a0 <img loading=\"lazy\" class=\"\" src=\"https:\/\/tissini.mobi\/wp-content\/uploads\/2021\/02\/img_profit_web.png\" width=\"40\" height=\"40\" \/><\/h3>\n<\/div>\n<\/div>\n<div class=\"elementor-element elementor-element-d4df755 elementor-widget elementor-widget-text-editor\" data-id=\"d4df755\" data-element_type=\"widget\" data-widget_type=\"text-editor.default\">\n<div class=\"elementor-widget-container\">\n<div class=\"elementor-text-editor elementor-clearfix\">\n<p class=\"p1\">Tus ganancias depender\u00e1n de ti. Pueden ser de m\u00e1s del 50% cuando aprovechas las promociones y descuentos*.<\/p>\n<\/div>\n<\/div>\n<\/div>\n<p>[\/vc_column_text][\/vc_column_inner][vc_column_inner width=\u00bb1\/3&#8243;][vc_column_text]<\/p>\n<div class=\"elementor-element elementor-element-b7d2662 elementor-widget elementor-widget-heading\" data-id=\"b7d2662\" data-element_type=\"widget\" data-widget_type=\"heading.default\">\n<div class=\"elementor-widget-container\">\n<h3 class=\"elementor-heading-title elementor-size-default\">GARANT\u00cdA\u00a0 <img loading=\"lazy\" class=\"\" src=\"https:\/\/tissini.mobi\/wp-content\/uploads\/2021\/04\/img-warranty-web.png\" width=\"40\" height=\"40\" \/><\/h3>\n<\/div>\n<\/div>\n<div class=\"elementor-element elementor-element-d8e018c elementor-widget elementor-widget-text-editor\" data-id=\"d8e018c\" data-element_type=\"widget\" data-widget_type=\"text-editor.default\">\n<div class=\"elementor-widget-container\">\n<div class=\"elementor-text-editor elementor-clearfix\">\n<p class=\"p1\">Todos nuestros productos tienen garant\u00eda. Queremos que te sientas feliz comprando y vendiendo TISSINI.<\/p>\n<\/div>\n<\/div>\n<\/div>\n<p>[\/vc_column_text][\/vc_column_inner][vc_column_inner width=\u00bb1\/3&#8243;][vc_column_text]<\/p>\n<div class=\"elementor-element elementor-element-9b3c0a3 elementor-widget elementor-widget-heading\" data-id=\"9b3c0a3\" data-element_type=\"widget\" data-widget_type=\"heading.default\">\n<div class=\"elementor-widget-container\">\n<h3 class=\"elementor-heading-title elementor-size-default\">VARIEDAD\u00a0 <img loading=\"lazy\" class=\"\" src=\"https:\/\/tissini.mobi\/wp-content\/uploads\/2021\/04\/img-psx-web.png\" width=\"40\" height=\"40\" \/><\/h3>\n<\/div>\n<\/div>\n<div class=\"elementor-element elementor-element-690dbaa elementor-widget elementor-widget-text-editor\" data-id=\"690dbaa\" data-element_type=\"widget\" data-widget_type=\"text-editor.default\">\n<div class=\"elementor-widget-container\">\n<div class=\"elementor-text-editor elementor-clearfix\">Contamos con un amplio cat\u00e1logo de productos para que tengas m\u00e1s opciones para hacer crecer tu negocio.<\/div>\n<\/div>\n<\/div>\n<p>.[\/vc_column_text][\/vc_column_inner][\/vc_row_inner][\/vc_column][\/vc_row][\/vc_section]<\/p>\n","protected":false},"excerpt":{"rendered":"<p>[vc_section][vc_row][vc_column width=\u00bb7\/12&#8243;][vc_column_text] \u00bfC\u00f3mo ganar tu propio dinero con TISSINI? 1. Reg\u00edstrate para ayudarte a construir este nuevo camino hacia tus sue\u00f1os. 2. Elige tus productos favoritos de nuestra colecci\u00f3n de joyas o ropa al por mayor. 3. Recibe tu primer pedido con tu tienda online y tus cat\u00e1logos. \u00a1As\u00ed ya empezar\u00e1s a vender y a &hellip; <a href=\"https:\/\/tissini.com\/blog\/emprender\/\" class=\"more-link\">Continue reading <span class=\"screen-reader-text\">Emprender con TISSINI<\/span><\/a><\/p>\n","protected":false},"author":1,"featured_media":0,"parent":0,"menu_order":0,"comment_status":"closed","ping_status":"closed","template":"","meta":[],"yoast_head":"<!-- This site is optimized with the Yoast SEO plugin v20.6 - https:\/\/yoast.com\/wordpress\/plugins\/seo\/ -->\n<title>Emprender con TISSINI en Estados Unidos | Paso a Paso<\/title>\n<meta name=\"description\" content=\"\u00bfPor qu\u00e9 ser parte de la familia TISSINI? Es un proyecto que impulsa tus sue\u00f1os y te permite crear tu propio camino.\" \/>\n<meta name=\"robots\" content=\"noindex, follow\" \/>\n<meta property=\"og:locale\" content=\"es_ES\" \/>\n<meta property=\"og:type\" content=\"article\" \/>\n<meta property=\"og:title\" content=\"Emprender con TISSINI en Estados Unidos | Paso a Paso\" \/>\n<meta property=\"og:description\" content=\"\u00bfPor qu\u00e9 ser parte de la familia TISSINI? Es un proyecto que impulsa tus sue\u00f1os y te permite crear tu propio camino.\" \/>\n<meta property=\"og:url\" content=\"https:\/\/tissini.com\/blog\/emprender\/\" \/>\n<meta property=\"og:site_name\" content=\"Blog TISSINI | Emprendimiento, Digital, Moda y Tendencias\" \/>\n<meta property=\"article:modified_time\" content=\"2023-05-11T22:26:37+00:00\" \/>\n<meta property=\"og:image\" content=\"https:\/\/tissini.mobi\/wp-content\/uploads\/2021\/02\/img_profit_web.png\" \/>\n<meta name=\"twitter:card\" content=\"summary_large_image\" \/>\n<meta name=\"twitter:label1\" content=\"Tiempo de lectura\" \/>\n\t<meta name=\"twitter:data1\" content=\"2 minutos\" \/>\n<script type=\"application\/ld+json\" class=\"yoast-schema-graph\">{\"@context\":\"https:\/\/schema.org\",\"@graph\":[{\"@type\":\"WebPage\",\"@id\":\"https:\/\/tissini.com\/blog\/emprender\/\",\"url\":\"https:\/\/tissini.com\/blog\/emprender\/\",\"name\":\"Emprender con TISSINI en Estados Unidos | Paso a Paso\",\"isPartOf\":{\"@id\":\"https:\/\/tissini.com\/blog\/#website\"},\"datePublished\":\"2021-05-21T21:21:11+00:00\",\"dateModified\":\"2023-05-11T22:26:37+00:00\",\"description\":\"\u00bfPor qu\u00e9 ser parte de la familia TISSINI? Es un proyecto que impulsa tus sue\u00f1os y te permite crear tu propio camino.\",\"breadcrumb\":{\"@id\":\"https:\/\/tissini.com\/blog\/emprender\/#breadcrumb\"},\"inLanguage\":\"es\",\"potentialAction\":[{\"@type\":\"ReadAction\",\"target\":[\"https:\/\/tissini.com\/blog\/emprender\/\"]}]},{\"@type\":\"BreadcrumbList\",\"@id\":\"https:\/\/tissini.com\/blog\/emprender\/#breadcrumb\",\"itemListElement\":[{\"@type\":\"ListItem\",\"position\":1,\"name\":\"Portada\",\"item\":\"https:\/\/tissini.com\/blog\/\"},{\"@type\":\"ListItem\",\"position\":2,\"name\":\"Emprender con TISSINI\"}]},{\"@type\":\"WebSite\",\"@id\":\"https:\/\/tissini.com\/blog\/#website\",\"url\":\"https:\/\/tissini.com\/blog\/\",\"name\":\"Blog TISSINI | Emprendimiento, Digital, Moda y Tendencias\",\"description\":\"\",\"publisher\":{\"@id\":\"https:\/\/tissini.com\/blog\/#organization\"},\"potentialAction\":[{\"@type\":\"SearchAction\",\"target\":{\"@type\":\"EntryPoint\",\"urlTemplate\":\"https:\/\/tissini.com\/blog\/?s={search_term_string}\"},\"query-input\":\"required name=search_term_string\"}],\"inLanguage\":\"es\"},{\"@type\":\"Organization\",\"@id\":\"https:\/\/tissini.com\/blog\/#organization\",\"name\":\"Blog TISSINI\",\"url\":\"https:\/\/tissini.com\/blog\/\",\"logo\":{\"@type\":\"ImageObject\",\"inLanguage\":\"es\",\"@id\":\"https:\/\/tissini.com\/blog\/#\/schema\/logo\/image\/\",\"url\":\"https:\/\/tissini.com\/blog\/wp-content\/uploads\/2020\/10\/logo-tissini.png\",\"contentUrl\":\"https:\/\/tissini.com\/blog\/wp-content\/uploads\/2020\/10\/logo-tissini.png\",\"width\":370,\"height\":107,\"caption\":\"Blog TISSINI\"},\"image\":{\"@id\":\"https:\/\/tissini.com\/blog\/#\/schema\/logo\/image\/\"}}]}<\/script>\n<!-- \/ Yoast SEO plugin. -->","yoast_head_json":{"title":"Emprender con TISSINI en Estados Unidos | Paso a Paso","description":"\u00bfPor qu\u00e9 ser parte de la familia TISSINI? Es un proyecto que impulsa tus sue\u00f1os y te permite crear tu propio camino.","robots":{"index":"noindex","follow":"follow"},"og_locale":"es_ES","og_type":"article","og_title":"Emprender con TISSINI en Estados Unidos | Paso a Paso","og_description":"\u00bfPor qu\u00e9 ser parte de la familia TISSINI? Es un proyecto que impulsa tus sue\u00f1os y te permite crear tu propio camino.","og_url":"https:\/\/tissini.com\/blog\/emprender\/","og_site_name":"Blog TISSINI | Emprendimiento, Digital, Moda y Tendencias","article_modified_time":"2023-05-11T22:26:37+00:00","og_image":[{"url":"https:\/\/tissini.mobi\/wp-content\/uploads\/2021\/02\/img_profit_web.png"}],"twitter_card":"summary_large_image","twitter_misc":{"Tiempo de lectura":"2 minutos"},"schema":{"@context":"https:\/\/schema.org","@graph":[{"@type":"WebPage","@id":"https:\/\/tissini.com\/blog\/emprender\/","url":"https:\/\/tissini.com\/blog\/emprender\/","name":"Emprender con TISSINI en Estados Unidos | Paso a Paso","isPartOf":{"@id":"https:\/\/tissini.com\/blog\/#website"},"datePublished":"2021-05-21T21:21:11+00:00","dateModified":"2023-05-11T22:26:37+00:00","description":"\u00bfPor qu\u00e9 ser parte de la familia TISSINI? Es un proyecto que impulsa tus sue\u00f1os y te permite crear tu propio camino.","breadcrumb":{"@id":"https:\/\/tissini.com\/blog\/emprender\/#breadcrumb"},"inLanguage":"es","potentialAction":[{"@type":"ReadAction","target":["https:\/\/tissini.com\/blog\/emprender\/"]}]},{"@type":"BreadcrumbList","@id":"https:\/\/tissini.com\/blog\/emprender\/#breadcrumb","itemListElement":[{"@type":"ListItem","position":1,"name":"Portada","item":"https:\/\/tissini.com\/blog\/"},{"@type":"ListItem","position":2,"name":"Emprender con TISSINI"}]},{"@type":"WebSite","@id":"https:\/\/tissini.com\/blog\/#website","url":"https:\/\/tissini.com\/blog\/","name":"Blog TISSINI | Emprendimiento, Digital, Moda y Tendencias","description":"","publisher":{"@id":"https:\/\/tissini.com\/blog\/#organization"},"potentialAction":[{"@type":"SearchAction","target":{"@type":"EntryPoint","urlTemplate":"https:\/\/tissini.com\/blog\/?s={search_term_string}"},"query-input":"required name=search_term_string"}],"inLanguage":"es"},{"@type":"Organization","@id":"https:\/\/tissini.com\/blog\/#organization","name":"Blog TISSINI","url":"https:\/\/tissini.com\/blog\/","logo":{"@type":"ImageObject","inLanguage":"es","@id":"https:\/\/tissini.com\/blog\/#\/schema\/logo\/image\/","url":"https:\/\/tissini.com\/blog\/wp-content\/uploads\/2020\/10\/logo-tissini.png","contentUrl":"https:\/\/tissini.com\/blog\/wp-content\/uploads\/2020\/10\/logo-tissini.png","width":370,"height":107,"caption":"Blog TISSINI"},"image":{"@id":"https:\/\/tissini.com\/blog\/#\/schema\/logo\/image\/"}}]}},"_links":{"self":[{"href":"https:\/\/tissini.com\/blog\/wp-json\/wp\/v2\/pages\/19668"}],"collection":[{"href":"https:\/\/tissini.com\/blog\/wp-json\/wp\/v2\/pages"}],"about":[{"href":"https:\/\/tissini.com\/blog\/wp-json\/wp\/v2\/types\/page"}],"author":[{"embeddable":true,"href":"https:\/\/tissini.com\/blog\/wp-json\/wp\/v2\/users\/1"}],"replies":[{"embeddable":true,"href":"https:\/\/tissini.com\/blog\/wp-json\/wp\/v2\/comments?post=19668"}],"version-history":[{"count":28,"href":"https:\/\/tissini.com\/blog\/wp-json\/wp\/v2\/pages\/19668\/revisions"}],"predecessor-version":[{"id":20323,"href":"https:\/\/tissini.com\/blog\/wp-json\/wp\/v2\/pages\/19668\/revisions\/20323"}],"wp:attachment":[{"href":"https:\/\/tissini.com\/blog\/wp-json\/wp\/v2\/media?parent=19668"}],"curies":[{"name":"wp","href":"https:\/\/api.w.org\/{rel}","templated":true}]}}